{"id":1635,"date":"2024-09-10T09:49:12","date_gmt":"2024-09-10T07:49:12","guid":{"rendered":"https:\/\/visitbinissalem.com\/cookie-richtlinie\/"},"modified":"2024-09-10T13:31:02","modified_gmt":"2024-09-10T11:31:02","slug":"cookie-richtlinie","status":"publish","type":"page","link":"https:\/\/visitbinissalem.com\/de\/cookie-richtlinie\/","title":{"rendered":"Cookie-Richtlinie"},"content":{"rendered":"\t\t<div data-elementor-type=\"wp-page\" data-elementor-id=\"1635\" class=\"elementor elementor-1635 elementor-1274\" data-elementor-post-type=\"page\">\n\t\t\t\t<div class=\"elementor-element elementor-element-3d2e8ca2 e-flex e-con-boxed e-con e-parent\" data-id=\"3d2e8ca2\" data-element_type=\"container\" data-e-type=\"container\">\n\t\t\t\t\t<div class=\"e-con-inner\">\n\t\t\t\t<div class=\"elementor-element elementor-element-ec77b6c elementor-widget elementor-widget-heading\" data-id=\"ec77b6c\" data-element_type=\"widget\" data-e-type=\"widget\" data-widget_type=\"heading.default\">\n\t\t\t\t<div class=\"elementor-widget-container\">\n\t\t\t\t\t<h2 class=\"elementor-heading-title elementor-size-default\">Cookie-Richtlinie<\/h2>\t\t\t\t<\/div>\n\t\t\t\t<\/div>\n\t\t\t\t<div class=\"elementor-element elementor-element-10a41a84 elementor-widget elementor-widget-text-editor\" data-id=\"10a41a84\" data-element_type=\"widget\" data-e-type=\"widget\" data-widget_type=\"text-editor.default\">\n\t\t\t\t<div class=\"elementor-widget-container\">\n\t\t\t\t\t\t\t\t\t\n<p>INFORMATIONEN ZU COOKIES<br> In \u00dcbereinstimmung mit dem Gesetz 34\/2002 vom 11. Juli \u00fcber Dienste der Informationsgesellschaft und des elektronischen Gesch\u00e4ftsverkehrs (LSSI) in Bezug auf die Verordnung (EU) 2016\/679 des Europ\u00e4ischen Parlaments und des Rates vom 27. April 2016, Im Allgemeinen Datenschutz (DSGVO) und Organgesetz 3\/2018 vom 5. Dezember zum Datenschutz und zur Gew\u00e4hrleistung digitaler Rechte (LOPDGDD) ist es erforderlich, zuvor die ausdr\u00fcckliche Zustimmung des Benutzers aller Webseiten einzuholen, die entbehrliche Cookies verwenden er navigiert durch sie hindurch.<br>WAS SIND COOKIES?<br>Cookies und andere \u00e4hnliche Technologien, wie etwa Local Shared Objects, Flash-Cookies oder Pixel, sind Tools, die von Webservern verwendet werden, um Informationen \u00fcber ihre Besucher zu speichern und abzurufen sowie um das ordnungsgem\u00e4\u00dfe Funktionieren der Website zu gew\u00e4hrleisten.<br>Durch die Verwendung dieser Ger\u00e4te kann sich der Webserver einige Daten \u00fcber den Benutzer merken, wie z. B. seine Pr\u00e4ferenzen f\u00fcr die Anzeige der Seiten dieses Servers, Name und Passwort, Produkte, die ihn am meisten interessieren usw.<br>VON DER VERORDNUNG BETROFFENE COOKIES UND AUSGENOMMENE COOKIES<br> Gem\u00e4\u00df der EU-Richtlinie handelt es sich bei den Cookies, f\u00fcr die eine informierte Einwilligung des Nutzers erforderlich ist, um Analyse-Cookies, Werbe- und Affiliate-Cookies sowie um Cookies technischer Natur und um solche, die f\u00fcr den Betrieb der Website oder die Bereitstellung der von ihm ausdr\u00fccklich angeforderten Dienste erforderlich sind der Benutzer.<br>ARTEN VON COOKIES<br> NACH DEM ZWECK<br> Technische und funktionale Cookies: Dies sind Cookies, die es dem Benutzer erm\u00f6glichen, durch eine Webseite, Plattform oder Anwendung zu navigieren und die verschiedenen verf\u00fcgbaren Optionen oder Dienste zu nutzen.<br>Analytische Cookies: Sie erm\u00f6glichen es dem Verantwortlichen, das Verhalten der Nutzer der Websites, mit denen sie verlinkt sind, zu \u00fcberwachen und zu analysieren. Die durch diese Art von Cookies gesammelten Informationen werden verwendet, um die Aktivit\u00e4t der Websites, der Anwendung oder der Plattform zu messen und um Browserprofile der Benutzer dieser Websites, Anwendungen und Plattformen zu erstellen, um auf der Grundlage der Analyse der Nutzungsdaten Verbesserungen einzuf\u00fchren von den Nutzern des Dienstes erstellt. <br>Werbe-Cookies: Hierbei handelt es sich um solche, die eine m\u00f6glichst effektive Verwaltung der Werbefl\u00e4chen erm\u00f6glichen, die der Herausgeber gegebenenfalls in eine Webseite, Anwendung oder Plattform eingef\u00fcgt hat, von der aus er den angeforderten Dienst gem\u00e4\u00df Kriterien wie z. B wie bearbeiteter Inhalt oder wie oft Anzeigen geschaltet werden.<br>Verhaltensbezogene Werbe-Cookies: Sie sammeln Informationen \u00fcber die Pr\u00e4ferenzen und pers\u00f6nlichen Entscheidungen des Benutzers (Retargeting), um eine m\u00f6glichst effektive Verwaltung der Werbefl\u00e4chen zu erm\u00f6glichen, die der Herausgeber gegebenenfalls auf einer Webseite, Anwendung oder Plattform eingef\u00fcgt hat von dem aus die angeforderte Leistung erbracht wird.<br>Soziale Cookies: werden von Social-Media-Plattformen auf den Diensten gesetzt, um Ihnen das Teilen von Inhalten mit Ihren Freunden und Netzwerken zu erm\u00f6glichen. Social-Media-Plattformen haben die M\u00f6glichkeit, Ihre Online-Aktivit\u00e4ten au\u00dferhalb der Dienste zu verfolgen. Dies kann Auswirkungen auf die Inhalte und Nachrichten haben, die Sie auf anderen von Ihnen besuchten Diensten sehen.  <br>Affiliate-Cookies: erm\u00f6glichen die Verfolgung von Besuchen von anderen Websites, mit denen die Website einen Affiliate-Vertrag abschlie\u00dft (Affiliate-Unternehmen).<br>Sicherheitscookies: Sie speichern verschl\u00fcsselte Informationen, um zu verhindern, dass die darin gespeicherten Daten gel\u00f6scht werden<br> anf\u00e4llig f\u00fcr b\u00f6swillige Angriffe Dritter.<br>NACH EIGENTUM<br> Eigene Cookies: Hierbei handelt es sich um solche, die von einem Computer oder einer Dom\u00e4ne, die von demselben Herausgeber verwaltet wird und von dem aus der vom Benutzer angeforderte Dienst bereitgestellt wird, an das Endger\u00e4t des Benutzers gesendet werden.<br>Cookies von Drittanbietern: Cookies, die von einem Computer oder einer Dom\u00e4ne an das Endger\u00e4t des Benutzers gesendet werden, die nicht vom Herausgeber verwaltet wird, sondern von einer anderen Stelle, die die durch Cookies erhaltenen Daten verarbeitet.<br>NACH KONSERVIERUNGSDAUER<br> Sitzungscookies: sind eine Art von Cookies, die dazu dienen, Daten anzufordern und zu speichern, w\u00e4hrend der Benutzer auf eine Webseite zugreift.<br>Dauerhafte Cookies: Hierbei handelt es sich um eine Art von Cookies, bei denen die Daten weiterhin auf dem Endger\u00e4t gespeichert werden und f\u00fcr einen vom Cookie-Verantwortlichen festgelegten Zeitraum abgerufen und verarbeitet werden k\u00f6nnen, der zwischen einigen Minuten und mehreren Jahren liegen kann.<br>BEHANDLUNG PERSONENBEZOGENER DATEN<br> ROSES STUDIO ist der Verantwortliche f\u00fcr die Verarbeitung der personenbezogenen Daten des Interessenten und informiert Sie dar\u00fcber, dass diese Daten gem\u00e4\u00df den Bestimmungen der Verordnung (EU) 2016\/679 vom 27. April 2016 (DSGVO) verarbeitet werden wobei Ihnen folgende Behandlungsinformationen zur Verf\u00fcgung gestellt werden:<br> Zweck der Behandlung: wie im Abschnitt \u00fcber die auf dieser Website verwendeten Cookies angegeben.<br>Legitimation der Verarbeitung: au\u00dfer in F\u00e4llen, in denen dies zum Surfen im Internet erforderlich ist, mit Zustimmung des Interessenten (Art. 6.1.a DSGVO).<br>Kriterien f\u00fcr die Datenaufbewahrung: wie im Abschnitt \u00fcber die auf der Website verwendeten Cookies angegeben.<br>Weitergabe der Daten: Die Daten werden nicht an Dritte weitergegeben, au\u00dfer in Cookies, die Eigentum Dritter sind oder aufgrund einer gesetzlichen Verpflichtung.<br>Rechte, die den Interessenten unterst\u00fctzen:<br> Recht, die Einwilligung jederzeit zu widerrufen.<br>Recht auf Zugang, Berichtigung, \u00dcbertragbarkeit und L\u00f6schung Ihrer Daten sowie Einschr\u00e4nkung oder Widerspruch gegen die Verarbeitung.<br>Das Recht, eine Beschwerde bei der Kontrollbeh\u00f6rde (www.aepd.es) einzureichen, wenn Sie der Meinung sind, dass die Behandlung nicht den geltenden Vorschriften entspricht.<br>Kontaktdaten zur Aus\u00fcbung Ihrer Rechte:<br>Stra\u00dfe: <strong>Carrer de la Concepcion, 7<\/strong> , Binissalem <\/p>\n\n\n\n<p>Telefon: <strong><a href=\"Telefon: +34971 %20886% 20558.\">971 886 558<\/a><\/strong><\/p>\n\n\n\n<p>AUF DIESER WEBSITE VERWENDETE COOKIES<br> Eigentum<br> Pl\u00e4tzchen<br> Zweck<br> Frist<br> visitbinissalem.com<\/p>\n\n\n\n<p>_ga_WCPKH74E83<br> Notwendiges Cookie f\u00fcr die Nutzung der Optionen und Dienste der Website<br> in einem Jahr<br> visitbinissalem.com<\/p>\n\n\n\n<p>cmplz_banner-status<br> Notwendiges Cookie f\u00fcr die Nutzung der Optionen und Dienste der Website<br> in einem Jahr<br> visitbinissalem.com<\/p>\n\n\n\n<p>cmplz_policy_id<br> Notwendiges Cookie f\u00fcr die Nutzung der Optionen und Dienste der Website<br> in einem Jahr<br> visitbinissalem.com<\/p>\n\n\n\n<p>pll_sprache<br> Notwendiges Cookie f\u00fcr die Nutzung der Optionen und Dienste der Website<br> in einem Jahr<br> region1.google-analytics.com<br> ar_debug<br> Notwendiges Cookie f\u00fcr die Nutzung der Optionen und Dienste der Website<br> in 3 Monaten<\/p>\n\n\n\n<p>Eigentum<br> Pl\u00e4tzchen<br> Zweck<br> Frist<br> Google Analytics<br> _ga<br> ID zur Identifizierung von Benutzern<br> in einem Jahr<\/p>\n\n\n\n<p>Die Dienste Dritter unterliegen nicht der Kontrolle des Herausgebers. Die Anbieter k\u00f6nnen die Servicebedingungen, den Zweck und die Verwendung von Cookies usw. jederzeit \u00e4ndern.<br> Drittanbieter dieser Website:<br> Herausgeber<br> Datenschutzrichtlinie<br> Google Analytics<br> https:\/\/privacy.google.com\/take-control.html <\/p>\n\n\n\n<p>In diesem Bereich k\u00f6nnen Sie die Cookies konfigurieren, die die Website in Ihrem Browser installieren kann, mit Ausnahme der technischen oder funktionalen Cookies, die f\u00fcr die Navigation und die Nutzung der verschiedenen angebotenen Optionen oder Dienste erforderlich sind.<br>Cookies-Panel<br> SO VERWALTEN SIE COOKIES IM BROWSER<br> L\u00f6schen Sie Cookies von Ihrem Ger\u00e4t<br> Cookies, die sich bereits auf einem Ger\u00e4t befinden, k\u00f6nnen durch L\u00f6schen Ihres Browserverlaufs gel\u00f6scht werden, wodurch Cookies von allen besuchten Websites gel\u00f6scht werden.<br>Es kann jedoch auch sein, dass Sie einige Ihrer gespeicherten Informationen verlieren (z. B. Ihre Anmeldedaten oder Website-Einstellungen).<br>Verwalten Sie standortspezifische Cookies<br> Um eine genauere Kontrolle \u00fcber standortspezifische Cookies zu haben, k\u00f6nnen Benutzer ihre Datenschutz- und Cookie-Einstellungen in ihrem Browser anpassen.<br>Cookies blockieren<br> Obwohl die meisten modernen Browser so konfiguriert werden k\u00f6nnen, dass die Installation von Cookies auf Ger\u00e4ten verhindert wird, kann dies eine manuelle Anpassung bestimmter Einstellungen bei jedem Besuch einer Website oder Seite erforderlich machen. Dar\u00fcber hinaus funktionieren einige Dienste und Funktionen m\u00f6glicherweise nicht ordnungsgem\u00e4\u00df (z. B. Profilanmeldungen). <\/p>\n\n\n\n<p>SO L\u00d6SCHEN SIE DIE H\u00c4UFIGSTEN COOKIES<br> Chrom<br> http:\/\/support.google.com\/chrome\/answer\/95647?hl=es<br> Rand<br> https:\/\/support.microsoft.com\/es-es\/microsoft-edge\/eliminar-las-cookies-en-microsoft-edge-63947406-40ac-c3b8-57b9-2a946a29ae09<br> Forscher<br> https:\/\/support.microsoft.com\/es-es\/help\/278835\/how-to-delete-cookie-files-in-internet-explorer<br> Firefox<br> https:\/\/www.mozilla.org\/es-ES\/privacy\/websites\/#cookies<br> Safari<br> https:\/\/support.apple.com\/es-es\/guide\/safari\/sfri11471\/mac<br> Oper<br> https:\/\/help.opera.com\/en\/latest\/security-and-privacy\/#clearBrowsingData<\/p>\n\t\t\t\t\t\t\t\t<\/div>\n\t\t\t\t<\/div>\n\t\t\t\t\t<\/div>\n\t\t\t\t<\/div>\n\t\t\t\t<\/div>\n\t\t","protected":false},"excerpt":{"rendered":"<p>Cookie-Richtlinie INFORMATIONEN ZU COOKIES In \u00dcbereinstimmung mit dem Gesetz 34\/2002 vom 11. Juli \u00fcber Dienste der Informationsgesellschaft und des elektronischen Gesch\u00e4ftsverkehrs (LSSI) in Bezug auf die Verordnung (EU) 2016\/679 des Europ\u00e4ischen Parlaments und des Rates vom 27. April 2016, Im Allgemeinen Datenschutz (DSGVO) und Organgesetz 3\/2018 vom 5. Dezember zum Datenschutz und zur Gew\u00e4hrleistung digitaler [&hellip;]<\/p>\n","protected":false},"author":2,"featured_media":0,"parent":0,"menu_order":0,"comment_status":"closed","ping_status":"closed","template":"","meta":{"_acf_changed":false,"footnotes":""},"class_list":["post-1635","page","type-page","status-publish","hentry"],"acf":[],"yoast_head":"<!-- This site is optimized with the Yoast SEO plugin v27.4 - https:\/\/yoast.com\/product\/yoast-seo-wordpress\/ -->\n<title>Cookie-Richtlinie - Visit Binissalem<\/title>\n<meta name=\"robots\" content=\"index, follow, max-snippet:-1, max-image-preview:large, max-video-preview:-1\" \/>\n<link rel=\"canonical\" href=\"https:\/\/visitbinissalem.com\/politica-de-cookies\/\" \/>\n<meta property=\"og:locale\" content=\"de_DE\" \/>\n<meta property=\"og:type\" content=\"article\" \/>\n<meta property=\"og:title\" content=\"Cookie-Richtlinie - Visit Binissalem\" \/>\n<meta property=\"og:description\" content=\"Cookie-Richtlinie INFORMATIONEN ZU COOKIES In \u00dcbereinstimmung mit dem Gesetz 34\/2002 vom 11. Juli \u00fcber Dienste der Informationsgesellschaft und des elektronischen Gesch\u00e4ftsverkehrs (LSSI) in Bezug auf die Verordnung (EU) 2016\/679 des Europ\u00e4ischen Parlaments und des Rates vom 27. April 2016, Im Allgemeinen Datenschutz (DSGVO) und Organgesetz 3\/2018 vom 5. Dezember zum Datenschutz und zur Gew\u00e4hrleistung digitaler [&hellip;]\" \/>\n<meta property=\"og:url\" content=\"https:\/\/visitbinissalem.com\/politica-de-cookies\/\" \/>\n<meta property=\"og:site_name\" content=\"Visit Binissalem\" \/>\n<meta property=\"article:publisher\" content=\"https:\/\/www.facebook.com\/AjuntamentdeBinissalem\" \/>\n<meta property=\"article:modified_time\" content=\"2024-09-10T11:31:02+00:00\" \/>\n<meta name=\"twitter:card\" content=\"summary_large_image\" \/>\n<meta name=\"twitter:label1\" content=\"Gesch\u00e4tzte Lesezeit\" \/>\n\t<meta name=\"twitter:data1\" content=\"6\u00a0Minuten\" \/>\n<script type=\"application\/ld+json\" class=\"yoast-schema-graph\">{\"@context\":\"https:\\\/\\\/schema.org\",\"@graph\":[{\"@type\":\"WebPage\",\"@id\":\"https:\\\/\\\/visitbinissalem.com\\\/politica-de-cookies\\\/\",\"url\":\"https:\\\/\\\/visitbinissalem.com\\\/politica-de-cookies\\\/\",\"name\":\"Cookie-Richtlinie - Visit Binissalem\",\"isPartOf\":{\"@id\":\"https:\\\/\\\/visitbinissalem.com\\\/en\\\/#website\"},\"datePublished\":\"2024-09-10T07:49:12+00:00\",\"dateModified\":\"2024-09-10T11:31:02+00:00\",\"breadcrumb\":{\"@id\":\"https:\\\/\\\/visitbinissalem.com\\\/politica-de-cookies\\\/#breadcrumb\"},\"inLanguage\":\"de\",\"potentialAction\":[{\"@type\":\"ReadAction\",\"target\":[\"https:\\\/\\\/visitbinissalem.com\\\/politica-de-cookies\\\/\"]}]},{\"@type\":\"BreadcrumbList\",\"@id\":\"https:\\\/\\\/visitbinissalem.com\\\/politica-de-cookies\\\/#breadcrumb\",\"itemListElement\":[{\"@type\":\"ListItem\",\"position\":1,\"name\":\"Inici\",\"item\":\"https:\\\/\\\/visitbinissalem.com\\\/de\\\/\"},{\"@type\":\"ListItem\",\"position\":2,\"name\":\"Cookie-Richtlinie\"}]},{\"@type\":\"WebSite\",\"@id\":\"https:\\\/\\\/visitbinissalem.com\\\/en\\\/#website\",\"url\":\"https:\\\/\\\/visitbinissalem.com\\\/en\\\/\",\"name\":\"Visit Binissalem\",\"description\":\"Binissalem\",\"publisher\":{\"@id\":\"https:\\\/\\\/visitbinissalem.com\\\/en\\\/#organization\"},\"potentialAction\":[{\"@type\":\"SearchAction\",\"target\":{\"@type\":\"EntryPoint\",\"urlTemplate\":\"https:\\\/\\\/visitbinissalem.com\\\/en\\\/?s={search_term_string}\"},\"query-input\":{\"@type\":\"PropertyValueSpecification\",\"valueRequired\":true,\"valueName\":\"search_term_string\"}}],\"inLanguage\":\"de\"},{\"@type\":\"Organization\",\"@id\":\"https:\\\/\\\/visitbinissalem.com\\\/en\\\/#organization\",\"name\":\"Visit Binissalem\",\"url\":\"https:\\\/\\\/visitbinissalem.com\\\/en\\\/\",\"logo\":{\"@type\":\"ImageObject\",\"inLanguage\":\"de\",\"@id\":\"https:\\\/\\\/visitbinissalem.com\\\/en\\\/#\\\/schema\\\/logo\\\/image\\\/\",\"url\":\"https:\\\/\\\/visitbinissalem.com\\\/wp-content\\\/uploads\\\/2024\\\/08\\\/Binissalem-Oberts-a-tu.png\",\"contentUrl\":\"https:\\\/\\\/visitbinissalem.com\\\/wp-content\\\/uploads\\\/2024\\\/08\\\/Binissalem-Oberts-a-tu.png\",\"width\":2565,\"height\":1240,\"caption\":\"Visit Binissalem\"},\"image\":{\"@id\":\"https:\\\/\\\/visitbinissalem.com\\\/en\\\/#\\\/schema\\\/logo\\\/image\\\/\"},\"sameAs\":[\"https:\\\/\\\/www.facebook.com\\\/AjuntamentdeBinissalem\",\"https:\\\/\\\/www.instagram.com\\\/ajuntamentbinissalem\\\/\"]}]}<\/script>\n<!-- \/ Yoast SEO plugin. -->","yoast_head_json":{"title":"Cookie-Richtlinie - Visit Binissalem","robots":{"index":"index","follow":"follow","max-snippet":"max-snippet:-1","max-image-preview":"max-image-preview:large","max-video-preview":"max-video-preview:-1"},"canonical":"https:\/\/visitbinissalem.com\/politica-de-cookies\/","og_locale":"de_DE","og_type":"article","og_title":"Cookie-Richtlinie - Visit Binissalem","og_description":"Cookie-Richtlinie INFORMATIONEN ZU COOKIES In \u00dcbereinstimmung mit dem Gesetz 34\/2002 vom 11. Juli \u00fcber Dienste der Informationsgesellschaft und des elektronischen Gesch\u00e4ftsverkehrs (LSSI) in Bezug auf die Verordnung (EU) 2016\/679 des Europ\u00e4ischen Parlaments und des Rates vom 27. April 2016, Im Allgemeinen Datenschutz (DSGVO) und Organgesetz 3\/2018 vom 5. Dezember zum Datenschutz und zur Gew\u00e4hrleistung digitaler [&hellip;]","og_url":"https:\/\/visitbinissalem.com\/politica-de-cookies\/","og_site_name":"Visit Binissalem","article_publisher":"https:\/\/www.facebook.com\/AjuntamentdeBinissalem","article_modified_time":"2024-09-10T11:31:02+00:00","twitter_card":"summary_large_image","twitter_misc":{"Gesch\u00e4tzte Lesezeit":"6\u00a0Minuten"},"schema":{"@context":"https:\/\/schema.org","@graph":[{"@type":"WebPage","@id":"https:\/\/visitbinissalem.com\/politica-de-cookies\/","url":"https:\/\/visitbinissalem.com\/politica-de-cookies\/","name":"Cookie-Richtlinie - Visit Binissalem","isPartOf":{"@id":"https:\/\/visitbinissalem.com\/en\/#website"},"datePublished":"2024-09-10T07:49:12+00:00","dateModified":"2024-09-10T11:31:02+00:00","breadcrumb":{"@id":"https:\/\/visitbinissalem.com\/politica-de-cookies\/#breadcrumb"},"inLanguage":"de","potentialAction":[{"@type":"ReadAction","target":["https:\/\/visitbinissalem.com\/politica-de-cookies\/"]}]},{"@type":"BreadcrumbList","@id":"https:\/\/visitbinissalem.com\/politica-de-cookies\/#breadcrumb","itemListElement":[{"@type":"ListItem","position":1,"name":"Inici","item":"https:\/\/visitbinissalem.com\/de\/"},{"@type":"ListItem","position":2,"name":"Cookie-Richtlinie"}]},{"@type":"WebSite","@id":"https:\/\/visitbinissalem.com\/en\/#website","url":"https:\/\/visitbinissalem.com\/en\/","name":"Visit Binissalem","description":"Binissalem","publisher":{"@id":"https:\/\/visitbinissalem.com\/en\/#organization"},"potentialAction":[{"@type":"SearchAction","target":{"@type":"EntryPoint","urlTemplate":"https:\/\/visitbinissalem.com\/en\/?s={search_term_string}"},"query-input":{"@type":"PropertyValueSpecification","valueRequired":true,"valueName":"search_term_string"}}],"inLanguage":"de"},{"@type":"Organization","@id":"https:\/\/visitbinissalem.com\/en\/#organization","name":"Visit Binissalem","url":"https:\/\/visitbinissalem.com\/en\/","logo":{"@type":"ImageObject","inLanguage":"de","@id":"https:\/\/visitbinissalem.com\/en\/#\/schema\/logo\/image\/","url":"https:\/\/visitbinissalem.com\/wp-content\/uploads\/2024\/08\/Binissalem-Oberts-a-tu.png","contentUrl":"https:\/\/visitbinissalem.com\/wp-content\/uploads\/2024\/08\/Binissalem-Oberts-a-tu.png","width":2565,"height":1240,"caption":"Visit Binissalem"},"image":{"@id":"https:\/\/visitbinissalem.com\/en\/#\/schema\/logo\/image\/"},"sameAs":["https:\/\/www.facebook.com\/AjuntamentdeBinissalem","https:\/\/www.instagram.com\/ajuntamentbinissalem\/"]}]}},"_links":{"self":[{"href":"https:\/\/visitbinissalem.com\/de\/wp-json\/wp\/v2\/pages\/1635","targetHints":{"allow":["GET"]}}],"collection":[{"href":"https:\/\/visitbinissalem.com\/de\/wp-json\/wp\/v2\/pages"}],"about":[{"href":"https:\/\/visitbinissalem.com\/de\/wp-json\/wp\/v2\/types\/page"}],"author":[{"embeddable":true,"href":"https:\/\/visitbinissalem.com\/de\/wp-json\/wp\/v2\/users\/2"}],"replies":[{"embeddable":true,"href":"https:\/\/visitbinissalem.com\/de\/wp-json\/wp\/v2\/comments?post=1635"}],"version-history":[{"count":12,"href":"https:\/\/visitbinissalem.com\/de\/wp-json\/wp\/v2\/pages\/1635\/revisions"}],"predecessor-version":[{"id":1970,"href":"https:\/\/visitbinissalem.com\/de\/wp-json\/wp\/v2\/pages\/1635\/revisions\/1970"}],"wp:attachment":[{"href":"https:\/\/visitbinissalem.com\/de\/wp-json\/wp\/v2\/media?parent=1635"}],"curies":[{"name":"wp","href":"https:\/\/api.w.org\/{rel}","templated":true}]}}