{"id":1717,"date":"2024-08-31T16:33:08","date_gmt":"2024-08-31T14:33:08","guid":{"rendered":"https:\/\/visitbinissalem.com\/kultur\/"},"modified":"2025-09-02T09:04:25","modified_gmt":"2025-09-02T07:04:25","slug":"kultur","status":"publish","type":"page","link":"https:\/\/visitbinissalem.com\/de\/kultur\/","title":{"rendered":"Kultur"},"content":{"rendered":"\t\t<div data-elementor-type=\"wp-page\" data-elementor-id=\"1717\" class=\"elementor elementor-1717 elementor-262\" data-elementor-post-type=\"page\">\n\t\t\t\t<div class=\"elementor-element elementor-element-f945e2d e-con-full e-flex e-con e-parent\" data-id=\"f945e2d\" data-element_type=\"container\" data-e-type=\"container\" data-settings=\"{&quot;background_background&quot;:&quot;classic&quot;}\">\n\t\t\t\t<div class=\"elementor-element elementor-element-f609bf3 elementor-widget elementor-widget-heading\" data-id=\"f609bf3\" data-element_type=\"widget\" data-e-type=\"widget\" data-widget_type=\"heading.default\">\n\t\t\t\t<div class=\"elementor-widget-container\">\n\t\t\t\t\t<h2 class=\"elementor-heading-title elementor-size-default\">Kultur<\/h2>\t\t\t\t<\/div>\n\t\t\t\t<\/div>\n\t\t\t\t<\/div>\n\t\t<div class=\"elementor-element elementor-element-4daac87 e-flex e-con-boxed e-con e-parent\" data-id=\"4daac87\" data-element_type=\"container\" data-e-type=\"container\">\n\t\t\t\t\t<div class=\"e-con-inner\">\n\t\t\t\t<div class=\"elementor-element elementor-element-d17fafd elementor-widget elementor-widget-image\" data-id=\"d17fafd\" data-element_type=\"widget\" data-e-type=\"widget\" data-widget_type=\"image.default\">\n\t\t\t\t<div class=\"elementor-widget-container\">\n\t\t\t\t\t\t\t\t\t\t\t\t\t\t\t<img fetchpriority=\"high\" decoding=\"async\" width=\"523\" height=\"473\" src=\"https:\/\/visitbinissalem.com\/wp-content\/uploads\/2024\/08\/LOGO-AJT-1-e1724766625809-1-e1724825744271.png\" class=\"attachment-large size-large wp-image-1339\" alt=\"\" srcset=\"https:\/\/visitbinissalem.com\/wp-content\/uploads\/2024\/08\/LOGO-AJT-1-e1724766625809-1-e1724825744271.png 523w, https:\/\/visitbinissalem.com\/wp-content\/uploads\/2024\/08\/LOGO-AJT-1-e1724766625809-1-e1724825744271-300x271.png 300w\" sizes=\"(max-width: 523px) 100vw, 523px\" \/>\t\t\t\t\t\t\t\t\t\t\t\t\t\t\t<\/div>\n\t\t\t\t<\/div>\n\t\t\t\t<div class=\"elementor-element elementor-element-9f3a700 elementor-widget elementor-widget-heading\" data-id=\"9f3a700\" data-element_type=\"widget\" data-e-type=\"widget\" data-widget_type=\"heading.default\">\n\t\t\t\t<div class=\"elementor-widget-container\">\n\t\t\t\t\t<h5 class=\"elementor-heading-title elementor-size-default\">  Das Herz des Weins auf Mallorca<\/h5>\t\t\t\t<\/div>\n\t\t\t\t<\/div>\n\t\t\t\t<div class=\"elementor-element elementor-element-9db759a elementor-widget elementor-widget-heading\" data-id=\"9db759a\" data-element_type=\"widget\" data-e-type=\"widget\" data-widget_type=\"heading.default\">\n\t\t\t\t<div class=\"elementor-widget-container\">\n\t\t\t\t\t<h1 class=\"elementor-heading-title elementor-size-default\">Kulturelles Angebot in Binissalem\n<\/h1>\t\t\t\t<\/div>\n\t\t\t\t<\/div>\n\t\t\t\t<div class=\"elementor-element elementor-element-82b88b0 elementor-widget elementor-widget-text-editor\" data-id=\"82b88b0\" data-element_type=\"widget\" data-e-type=\"widget\" data-widget_type=\"text-editor.default\">\n\t\t\t\t<div class=\"elementor-widget-container\">\n\t\t\t\t\t\t\t\t\t<p>Der kulturelle Reichtum von Binissalem zeigt sich in seiner Geschichte, Architektur und literarischen Traditionen. Der Name des Dorfes \u201eBinissalem\u201d hat arabische Wurzeln und bedeutet \u201eS\u00f6hne des Friedens\u201d oder \u201eS\u00f6hne von S\u00e1lim\u201d. Im Laufe der Jahrhunderte war Binissalem Zeuge verschiedener Zivilisationen, von den Talayotern \u00fcber die R\u00f6mer bis hin zu den Muslimen. Die \u00dcberreste dieser Epochen zeugen von der vielf\u00e4ltigen Vergangenheit dieser Gemeinde.<\/p><p>Der wirtschaftliche Aufschwung von der zweiten H\u00e4lfte des 17. Jahrhunderts bis zum Ende des 19. Jahrhunderts, mit dem Auftreten der Reblaus, hinterlie\u00df tiefe Spuren in der Architektur von Binissalem. Geb\u00e4ude wie Can Marc, Can Beltran und Can Gelabert sind Denkm\u00e4ler einer goldenen \u00c4ra. Diese Bauwerke, von denen einige mit einzigartigen Malereien und architektonischen Details verziert sind, stehen neben moderneren Geb\u00e4uden, die die Entwicklung des Dorfes im Laufe der Zeit widerspiegeln.<\/p><p>Die aus lokalem Stein erbaute Esgl\u00e9sia de Santa Maria de Robines ragt \u00fcber alle anderen Geb\u00e4ude hinaus und ist ein Symbol f\u00fcr die Fr\u00f6mmigkeit und Kunst der Gemeinde. Im literarischen Bereich hat Binissalem der Welt ber\u00fchmte Schriftsteller wie Lloren\u00e7 Villalonga und Lloren\u00e7 Moy\u00e0 hervorgebracht, deren Werke die Essenz und Traditionen ihrer Heimat einfangen.<\/p>\t\t\t\t\t\t\t\t<\/div>\n\t\t\t\t<\/div>\n\t\t\t\t\t<\/div>\n\t\t\t\t<\/div>\n\t\t<div class=\"elementor-element elementor-element-4596ad4 e-flex e-con-boxed e-con e-parent\" data-id=\"4596ad4\" data-element_type=\"container\" data-e-type=\"container\">\n\t\t\t\t\t<div class=\"e-con-inner\">\n\t\t<div class=\"elementor-element elementor-element-3b55907 e-con-full e-flex e-con e-child\" data-id=\"3b55907\" data-element_type=\"container\" data-e-type=\"container\">\n\t\t\t\t<div class=\"elementor-element elementor-element-8b4484e elementor-flip-box--effect-fade elementor-widget elementor-widget-flip-box\" data-id=\"8b4484e\" data-element_type=\"widget\" data-e-type=\"widget\" data-widget_type=\"flip-box.default\">\n\t\t\t\t<div class=\"elementor-widget-container\">\n\t\t\t\t\t\t\t<div class=\"elementor-flip-box\" tabindex=\"0\">\n\t\t\t<div class=\"elementor-flip-box__layer elementor-flip-box__front\">\n\t\t\t\t<div class=\"elementor-flip-box__layer__overlay\">\n\t\t\t\t\t<div class=\"elementor-flip-box__layer__inner\">\n\t\t\t\t\t\t\n\t\t\t\t\t\t\t\t\t\t\t\t\t<h3 class=\"elementor-flip-box__layer__title\">\n\t\t\t\t\t\t\t\tCasal de Cultura Can Gelabert\t\t\t\t\t\t\t<\/h3>\n\t\t\t\t\t\t\n\t\t\t\t\t\t\t\t\t\t\t<\/div>\n\t\t\t\t<\/div>\n\t\t\t<\/div>\n\t\t\t<div class=\"elementor-flip-box__layer elementor-flip-box__back\">\n\t\t\t<div class=\"elementor-flip-box__layer__overlay\">\n\t\t\t\t<div class=\"elementor-flip-box__layer__inner\">\n\t\t\t\t\t\t\t\t\t\t\t<h3 class=\"elementor-flip-box__layer__title\">\n\t\t\t\t\t\t\tCalle de la Portella, 0\t\t\t\t\t\t<\/h3>\n\t\t\t\t\t\n\t\t\t\t\t\t\t\t\t\t\t<div class=\"elementor-flip-box__layer__description\">\n\t\t\t\t\t\t\t Das Casal de Cultura Can Gelabert ist eines der architektonischen Juwelen von Binissalem. Es wurde im traditionellen Stil erbaut und weist eine zeitliche Entwicklung von der Neuzeit bis zur Moderne auf, m\u00f6glicherweise mit Resten aus dem Mittelalter (15.\u201320. Jahrhundert). Eine bedeutende Renovierung fand im 19. Jahrhundert statt, und Ende des 20. Jahrhunderts wurde es in ein Kulturzentrum umgewandelt, das im Jahr 2000 er\u00f6ffnet wurde. Urspr\u00fcnglich war es die Privatresidenz der Familie Gelabert, heute ist es ein lebendiges kulturelles Zentrum.\nEinige seiner R\u00e4ume sind mit Wandmalereien im pompejanischen Stil dekoriert und zeugen vom Luxus und der Raffinesse der damaligen Zeit. Heute beherbergt es die St\u00e4dtische Bibliothek, die Musikschule von Binissalem, Ausstellungss\u00e4le und eine Werkstatt f\u00fcr grafische K\u00fcnste. Zudem dient es als Veranstaltungsort f\u00fcr zahlreiche kulturelle Ereignisse, darunter Konzerte. Seine Rolle als kulturelles Epizentrum macht es zu einem unverzichtbaren Anlaufpunkt f\u00fcr alle Besucher, die sich f\u00fcr die Geschichte und Kultur Binissalems interessieren.\t\t\t\t\t\t<\/div>\n\t\t\t\t\t\n\t\t\t\t\t\t\t\t\t\t\t<a class=\"elementor-flip-box__button elementor-button elementor-size-sm\" href=\"tel:+34971888082\" target=\"_blank\">\n\t\t\t\t\t\t\tTelefon\t\t\t\t\t\t<\/a>\n\t\t\t\t\t\t\t\t<\/div>\n\t\t<\/div>\n\t\t<\/div>\n\t\t<\/div>\n\t\t\t\t\t\t<\/div>\n\t\t\t\t<\/div>\n\t\t\t\t<div class=\"elementor-element elementor-element-adeda80 elementor-flip-box--effect-fade elementor-widget elementor-widget-flip-box\" data-id=\"adeda80\" data-element_type=\"widget\" data-e-type=\"widget\" data-widget_type=\"flip-box.default\">\n\t\t\t\t<div class=\"elementor-widget-container\">\n\t\t\t\t\t\t\t<div class=\"elementor-flip-box\" tabindex=\"0\">\n\t\t\t<div class=\"elementor-flip-box__layer elementor-flip-box__front\">\n\t\t\t\t<div class=\"elementor-flip-box__layer__overlay\">\n\t\t\t\t\t<div class=\"elementor-flip-box__layer__inner\">\n\t\t\t\t\t\t\n\t\t\t\t\t\t\t\t\t\t\t\t\t<h3 class=\"elementor-flip-box__layer__title\">\n\t\t\t\t\t\t\t\tSt\u00e4dtisches Theater\t\t\t\t\t\t\t<\/h3>\n\t\t\t\t\t\t\n\t\t\t\t\t\t\t\t\t\t\t<\/div>\n\t\t\t\t<\/div>\n\t\t\t<\/div>\n\t\t\t<div class=\"elementor-flip-box__layer elementor-flip-box__back\">\n\t\t\t<div class=\"elementor-flip-box__layer__overlay\">\n\t\t\t\t<div class=\"elementor-flip-box__layer__inner\">\n\t\t\t\t\t\t\t\t\t\t\t<h3 class=\"elementor-flip-box__layer__title\">\n\t\t\t\t\t\t\tCarrer Rectoria, 1\t\t\t\t\t\t<\/h3>\n\t\t\t\t\t\n\t\t\t\t\t\t\t\t\t\t\t<div class=\"elementor-flip-box__layer__description\">\n\t\t\t\t\t\t\t Das St\u00e4dtische Theater von Binissalem ist das Herzst\u00fcck des kulturellen Lebens der Gemeinde. Seit seiner Einweihung Mitte des 20. Jahrhunderts ist es eine zentrale B\u00fchne f\u00fcr darstellende K\u00fcnste in der Region. Sein Programm umfasst eine gro\u00dfe Vielfalt an Veranstaltungen: Theaterauff\u00fchrungen, Konzerte, Filmvorf\u00fchrungen und Gemeinschaftsaktivit\u00e4ten.\nDas Theater wurde renoviert, um moderne Einrichtungen zu bieten, ohne seinen historischen Charme zu verlieren. Dieser Raum ist nicht nur ein Ort der Unterhaltung, sondern auch ein Motor f\u00fcr Bildung und kulturelle Bereicherung der Gemeinschaft und hat sich als wahrer Pfeiler der lokalen Kultur etabliert.\t\t\t\t\t\t<\/div>\n\t\t\t\t\t\n\t\t\t\t\t\t\t\t\t\t\t<a class=\"elementor-flip-box__button elementor-button elementor-size-sm\" href=\"tel:+34971888085\" target=\"_blank\">\n\t\t\t\t\t\t\tTelefon\t\t\t\t\t\t<\/a>\n\t\t\t\t\t\t\t\t<\/div>\n\t\t<\/div>\n\t\t<\/div>\n\t\t<\/div>\n\t\t\t\t\t\t<\/div>\n\t\t\t\t<\/div>\n\t\t\t\t<\/div>\n\t\t<div class=\"elementor-element elementor-element-ccc2836 e-con-full e-flex e-con e-child\" data-id=\"ccc2836\" data-element_type=\"container\" data-e-type=\"container\">\n\t\t\t\t<div class=\"elementor-element elementor-element-7504948 elementor-flip-box--effect-fade elementor-widget elementor-widget-flip-box\" data-id=\"7504948\" data-element_type=\"widget\" data-e-type=\"widget\" data-widget_type=\"flip-box.default\">\n\t\t\t\t<div class=\"elementor-widget-container\">\n\t\t\t\t\t\t\t<div class=\"elementor-flip-box\" tabindex=\"0\">\n\t\t\t<div class=\"elementor-flip-box__layer elementor-flip-box__front\">\n\t\t\t\t<div class=\"elementor-flip-box__layer__overlay\">\n\t\t\t\t\t<div class=\"elementor-flip-box__layer__inner\">\n\t\t\t\t\t\t\n\t\t\t\t\t\t\t\t\t\t\t\t\t<h3 class=\"elementor-flip-box__layer__title\">\n\t\t\t\t\t\t\t\tCasa Lloren\u00e7 Villalonga \u2013 Literaturmuseum\t\t\t\t\t\t\t<\/h3>\n\t\t\t\t\t\t\n\t\t\t\t\t\t\t\t\t\t\t<\/div>\n\t\t\t\t<\/div>\n\t\t\t<\/div>\n\t\t\t<div class=\"elementor-flip-box__layer elementor-flip-box__back\">\n\t\t\t<div class=\"elementor-flip-box__layer__overlay\">\n\t\t\t\t<div class=\"elementor-flip-box__layer__inner\">\n\t\t\t\t\t\t\t\t\t\t\t<h3 class=\"elementor-flip-box__layer__title\">\n\t\t\t\t\t\t\tCarrer Bonaire, 25\t\t\t\t\t\t<\/h3>\n\t\t\t\t\t\n\t\t\t\t\t\t\t\t\t\t\t<div class=\"elementor-flip-box__layer__description\">\n\t\t\t\t\t\t\t Die Fundaci\u00f3 Lloren\u00e7 Villalonga ehrt das Andenken und Werk eines der gr\u00f6\u00dften Schriftsteller Mallorcas. Lloren\u00e7 Villalonga, Autor des emblematischen Romans Bearn o La sala de les nines, verstand es, in seinen Schriften das Wesen der mallorquinischen Gesellschaft seiner Zeit einzufangen.\nDie Stiftung bewahrt nicht nur sein literarisches Erbe, sondern f\u00f6rdert auch Forschung und Verbreitung seines Werkes durch Ausstellungen, Konferenzen und literarische Veranstaltungen. Sie ist ein Referenzpunkt f\u00fcr Wissenschaftler und Literaturfreunde, die in das kreative Universum Villalongas eintauchen m\u00f6chten.\n\t\t\t\t\t\t<\/div>\n\t\t\t\t\t\n\t\t\t\t\t\t\t\t\t\t\t<a class=\"elementor-flip-box__button elementor-button elementor-size-sm\" href=\"tel:+34971888083\" target=\"_blank\">\n\t\t\t\t\t\t\tTelefon\t\t\t\t\t\t<\/a>\n\t\t\t\t\t\t\t\t<\/div>\n\t\t<\/div>\n\t\t<\/div>\n\t\t<\/div>\n\t\t\t\t\t\t<\/div>\n\t\t\t\t<\/div>\n\t\t\t\t<div class=\"elementor-element elementor-element-57f6d5d elementor-flip-box--effect-fade elementor-widget elementor-widget-flip-box\" data-id=\"57f6d5d\" data-element_type=\"widget\" data-e-type=\"widget\" data-widget_type=\"flip-box.default\">\n\t\t\t\t<div class=\"elementor-widget-container\">\n\t\t\t\t\t\t\t<div class=\"elementor-flip-box\" tabindex=\"0\">\n\t\t\t<div class=\"elementor-flip-box__layer elementor-flip-box__front\">\n\t\t\t\t<div class=\"elementor-flip-box__layer__overlay\">\n\t\t\t\t\t<div class=\"elementor-flip-box__layer__inner\">\n\t\t\t\t\t\t\n\t\t\t\t\t\t\t\t\t\t\t\t\t<h3 class=\"elementor-flip-box__layer__title\">\n\t\t\t\t\t\t\t\tSt\u00e4dtische Bibliothek\t\t\t\t\t\t\t<\/h3>\n\t\t\t\t\t\t\n\t\t\t\t\t\t\t\t\t\t\t<\/div>\n\t\t\t\t<\/div>\n\t\t\t<\/div>\n\t\t\t<div class=\"elementor-flip-box__layer elementor-flip-box__back\">\n\t\t\t<div class=\"elementor-flip-box__layer__overlay\">\n\t\t\t\t<div class=\"elementor-flip-box__layer__inner\">\n\t\t\t\t\t\t\t\t\t\t\t<h3 class=\"elementor-flip-box__layer__title\">\n\t\t\t\t\t\t\tCarrer de la Portella, s\/n\t\t\t\t\t\t<\/h3>\n\t\t\t\t\t\n\t\t\t\t\t\t\t\t\t\t\t<div class=\"elementor-flip-box__layer__description\">\n\t\t\t\t\t\t\t Die St\u00e4dtische Bibliothek von Binissalem, die sich im emblematischen Casal de Cultura Can Gelabert befindet, ist ein Refugium f\u00fcr Liebhaber von Lesen und Forschung. Mit einer umfangreichen Sammlung, die von klassischer Literatur bis zu den neuesten Ver\u00f6ffentlichungen reicht, ist sie eine unsch\u00e4tzbare Ressource f\u00fcr Einwohner und Besucher gleicherma\u00dfen.\n\u00dcber ihre traditionelle Rolle hinaus organisiert sie zahlreiche Aktivit\u00e4ten wie Lesekreise, Schreibwerkst\u00e4tten, Autorentreffen und Kinderprogramme. Dieser Raum f\u00f6rdert Wissen und Kreativit\u00e4t und ist damit ein wesentlicher Bestandteil des intellektuellen und kulturellen Lebens von Binissalem.\n\t\t\t\t\t\t<\/div>\n\t\t\t\t\t\n\t\t\t\t\t\t\t\t\t\t\t<a class=\"elementor-flip-box__button elementor-button elementor-size-sm\" href=\"tel:+34971888084\" target=\"_blank\">\n\t\t\t\t\t\t\tTelefon\t\t\t\t\t\t<\/a>\n\t\t\t\t\t\t\t\t<\/div>\n\t\t<\/div>\n\t\t<\/div>\n\t\t<\/div>\n\t\t\t\t\t\t<\/div>\n\t\t\t\t<\/div>\n\t\t\t\t<\/div>\n\t\t\t\t\t<\/div>\n\t\t\t\t<\/div>\n\t\t<div class=\"elementor-element elementor-element-7a95d39 e-flex e-con-boxed e-con e-parent\" data-id=\"7a95d39\" data-element_type=\"container\" data-e-type=\"container\">\n\t\t\t\t\t<div class=\"e-con-inner\">\n\t\t\t\t<div class=\"elementor-element elementor-element-d539b6a elementor-widget__width-initial elementor-widget elementor-widget-text-editor\" data-id=\"d539b6a\" data-element_type=\"widget\" data-e-type=\"widget\" data-widget_type=\"text-editor.default\">\n\t\t\t\t<div class=\"elementor-widget-container\">\n\t\t\t\t\t\t\t\t\t<p><span style=\"font-weight: 400;\">Der kulturelle Teil von Binissalem spiegelt sein reiches historisches Erbe und seine lebendige Gegenwart wider. Jedes dieser Elemente tr\u00e4gt zur einzigartigen Identit\u00e4t der Gemeinde bei und macht Binissalem zu einem unverzichtbaren Reiseziel f\u00fcr diejenigen, die in die authentische mallorquinische Kultur eintauchen m\u00f6chten. <\/span><\/p>\n\t\t\t\t\t\t\t\t<\/div>\n\t\t\t\t<\/div>\n\t\t\t\t\t<\/div>\n\t\t\t\t<\/div>\n\t\t\t\t<\/div>\n\t\t","protected":false},"excerpt":{"rendered":"<p>Kultur Das Herz des Weins auf Mallorca Kulturelles Angebot in Binissalem Der kulturelle Reichtum von Binissalem zeigt sich in seiner Geschichte, Architektur und literarischen Traditionen. Der Name des Dorfes \u201eBinissalem\u201d hat arabische Wurzeln und bedeutet \u201eS\u00f6hne des Friedens\u201d oder \u201eS\u00f6hne von S\u00e1lim\u201d. Im Laufe der Jahrhunderte war Binissalem Zeuge verschiedener Zivilisationen, von den Talayotern \u00fcber [&hellip;]<\/p>\n","protected":false},"author":2,"featured_media":0,"parent":0,"menu_order":0,"comment_status":"closed","ping_status":"closed","template":"elementor_header_footer","meta":{"_acf_changed":false,"footnotes":""},"class_list":["post-1717","page","type-page","status-publish","hentry"],"acf":[],"yoast_head":"<!-- This site is optimized with the Yoast SEO plugin v27.4 - https:\/\/yoast.com\/product\/yoast-seo-wordpress\/ -->\n<title>Kultur - Visit Binissalem<\/title>\n<meta name=\"robots\" content=\"index, follow, max-snippet:-1, max-image-preview:large, max-video-preview:-1\" \/>\n<link rel=\"canonical\" href=\"https:\/\/visitbinissalem.com\/cultura-2\/\" \/>\n<meta property=\"og:locale\" content=\"de_DE\" \/>\n<meta property=\"og:type\" content=\"article\" \/>\n<meta property=\"og:title\" content=\"Kultur - Visit Binissalem\" \/>\n<meta property=\"og:description\" content=\"Kultur Das Herz des Weins auf Mallorca Kulturelles Angebot in Binissalem Der kulturelle Reichtum von Binissalem zeigt sich in seiner Geschichte, Architektur und literarischen Traditionen. Der Name des Dorfes \u201eBinissalem\u201d hat arabische Wurzeln und bedeutet \u201eS\u00f6hne des Friedens\u201d oder \u201eS\u00f6hne von S\u00e1lim\u201d. Im Laufe der Jahrhunderte war Binissalem Zeuge verschiedener Zivilisationen, von den Talayotern \u00fcber [&hellip;]\" \/>\n<meta property=\"og:url\" content=\"https:\/\/visitbinissalem.com\/cultura-2\/\" \/>\n<meta property=\"og:site_name\" content=\"Visit Binissalem\" \/>\n<meta property=\"article:publisher\" content=\"https:\/\/www.facebook.com\/AjuntamentdeBinissalem\" \/>\n<meta property=\"article:modified_time\" content=\"2025-09-02T07:04:25+00:00\" \/>\n<meta property=\"og:image\" content=\"https:\/\/visitbinissalem.com\/wp-content\/uploads\/2024\/08\/LOGO-AJT-1-e1724766625809-1-e1724825744271.png\" \/>\n<meta name=\"twitter:card\" content=\"summary_large_image\" \/>\n<meta name=\"twitter:label1\" content=\"Gesch\u00e4tzte Lesezeit\" \/>\n\t<meta name=\"twitter:data1\" content=\"4\u00a0Minuten\" \/>\n<script type=\"application\/ld+json\" class=\"yoast-schema-graph\">{\"@context\":\"https:\\\/\\\/schema.org\",\"@graph\":[{\"@type\":\"WebPage\",\"@id\":\"https:\\\/\\\/visitbinissalem.com\\\/cultura-2\\\/\",\"url\":\"https:\\\/\\\/visitbinissalem.com\\\/cultura-2\\\/\",\"name\":\"Kultur - Visit Binissalem\",\"isPartOf\":{\"@id\":\"https:\\\/\\\/visitbinissalem.com\\\/en\\\/#website\"},\"primaryImageOfPage\":{\"@id\":\"https:\\\/\\\/visitbinissalem.com\\\/cultura-2\\\/#primaryimage\"},\"image\":{\"@id\":\"https:\\\/\\\/visitbinissalem.com\\\/cultura-2\\\/#primaryimage\"},\"thumbnailUrl\":\"https:\\\/\\\/visitbinissalem.com\\\/wp-content\\\/uploads\\\/2024\\\/08\\\/LOGO-AJT-1-e1724766625809-1-e1724825744271.png\",\"datePublished\":\"2024-08-31T14:33:08+00:00\",\"dateModified\":\"2025-09-02T07:04:25+00:00\",\"breadcrumb\":{\"@id\":\"https:\\\/\\\/visitbinissalem.com\\\/cultura-2\\\/#breadcrumb\"},\"inLanguage\":\"de\",\"potentialAction\":[{\"@type\":\"ReadAction\",\"target\":[\"https:\\\/\\\/visitbinissalem.com\\\/cultura-2\\\/\"]}]},{\"@type\":\"ImageObject\",\"inLanguage\":\"de\",\"@id\":\"https:\\\/\\\/visitbinissalem.com\\\/cultura-2\\\/#primaryimage\",\"url\":\"https:\\\/\\\/visitbinissalem.com\\\/wp-content\\\/uploads\\\/2024\\\/08\\\/LOGO-AJT-1-e1724766625809-1-e1724825744271.png\",\"contentUrl\":\"https:\\\/\\\/visitbinissalem.com\\\/wp-content\\\/uploads\\\/2024\\\/08\\\/LOGO-AJT-1-e1724766625809-1-e1724825744271.png\"},{\"@type\":\"BreadcrumbList\",\"@id\":\"https:\\\/\\\/visitbinissalem.com\\\/cultura-2\\\/#breadcrumb\",\"itemListElement\":[{\"@type\":\"ListItem\",\"position\":1,\"name\":\"Inici\",\"item\":\"https:\\\/\\\/visitbinissalem.com\\\/de\\\/\"},{\"@type\":\"ListItem\",\"position\":2,\"name\":\"Kultur\"}]},{\"@type\":\"WebSite\",\"@id\":\"https:\\\/\\\/visitbinissalem.com\\\/en\\\/#website\",\"url\":\"https:\\\/\\\/visitbinissalem.com\\\/en\\\/\",\"name\":\"Visit Binissalem\",\"description\":\"Binissalem\",\"publisher\":{\"@id\":\"https:\\\/\\\/visitbinissalem.com\\\/en\\\/#organization\"},\"potentialAction\":[{\"@type\":\"SearchAction\",\"target\":{\"@type\":\"EntryPoint\",\"urlTemplate\":\"https:\\\/\\\/visitbinissalem.com\\\/en\\\/?s={search_term_string}\"},\"query-input\":{\"@type\":\"PropertyValueSpecification\",\"valueRequired\":true,\"valueName\":\"search_term_string\"}}],\"inLanguage\":\"de\"},{\"@type\":\"Organization\",\"@id\":\"https:\\\/\\\/visitbinissalem.com\\\/en\\\/#organization\",\"name\":\"Visit Binissalem\",\"url\":\"https:\\\/\\\/visitbinissalem.com\\\/en\\\/\",\"logo\":{\"@type\":\"ImageObject\",\"inLanguage\":\"de\",\"@id\":\"https:\\\/\\\/visitbinissalem.com\\\/en\\\/#\\\/schema\\\/logo\\\/image\\\/\",\"url\":\"https:\\\/\\\/visitbinissalem.com\\\/wp-content\\\/uploads\\\/2024\\\/08\\\/Binissalem-Oberts-a-tu.png\",\"contentUrl\":\"https:\\\/\\\/visitbinissalem.com\\\/wp-content\\\/uploads\\\/2024\\\/08\\\/Binissalem-Oberts-a-tu.png\",\"width\":2565,\"height\":1240,\"caption\":\"Visit Binissalem\"},\"image\":{\"@id\":\"https:\\\/\\\/visitbinissalem.com\\\/en\\\/#\\\/schema\\\/logo\\\/image\\\/\"},\"sameAs\":[\"https:\\\/\\\/www.facebook.com\\\/AjuntamentdeBinissalem\",\"https:\\\/\\\/www.instagram.com\\\/ajuntamentbinissalem\\\/\"]}]}<\/script>\n<!-- \/ Yoast SEO plugin. -->","yoast_head_json":{"title":"Kultur - Visit Binissalem","robots":{"index":"index","follow":"follow","max-snippet":"max-snippet:-1","max-image-preview":"max-image-preview:large","max-video-preview":"max-video-preview:-1"},"canonical":"https:\/\/visitbinissalem.com\/cultura-2\/","og_locale":"de_DE","og_type":"article","og_title":"Kultur - Visit Binissalem","og_description":"Kultur Das Herz des Weins auf Mallorca Kulturelles Angebot in Binissalem Der kulturelle Reichtum von Binissalem zeigt sich in seiner Geschichte, Architektur und literarischen Traditionen. Der Name des Dorfes \u201eBinissalem\u201d hat arabische Wurzeln und bedeutet \u201eS\u00f6hne des Friedens\u201d oder \u201eS\u00f6hne von S\u00e1lim\u201d. Im Laufe der Jahrhunderte war Binissalem Zeuge verschiedener Zivilisationen, von den Talayotern \u00fcber [&hellip;]","og_url":"https:\/\/visitbinissalem.com\/cultura-2\/","og_site_name":"Visit Binissalem","article_publisher":"https:\/\/www.facebook.com\/AjuntamentdeBinissalem","article_modified_time":"2025-09-02T07:04:25+00:00","og_image":[{"url":"https:\/\/visitbinissalem.com\/wp-content\/uploads\/2024\/08\/LOGO-AJT-1-e1724766625809-1-e1724825744271.png","type":"","width":"","height":""}],"twitter_card":"summary_large_image","twitter_misc":{"Gesch\u00e4tzte Lesezeit":"4\u00a0Minuten"},"schema":{"@context":"https:\/\/schema.org","@graph":[{"@type":"WebPage","@id":"https:\/\/visitbinissalem.com\/cultura-2\/","url":"https:\/\/visitbinissalem.com\/cultura-2\/","name":"Kultur - Visit Binissalem","isPartOf":{"@id":"https:\/\/visitbinissalem.com\/en\/#website"},"primaryImageOfPage":{"@id":"https:\/\/visitbinissalem.com\/cultura-2\/#primaryimage"},"image":{"@id":"https:\/\/visitbinissalem.com\/cultura-2\/#primaryimage"},"thumbnailUrl":"https:\/\/visitbinissalem.com\/wp-content\/uploads\/2024\/08\/LOGO-AJT-1-e1724766625809-1-e1724825744271.png","datePublished":"2024-08-31T14:33:08+00:00","dateModified":"2025-09-02T07:04:25+00:00","breadcrumb":{"@id":"https:\/\/visitbinissalem.com\/cultura-2\/#breadcrumb"},"inLanguage":"de","potentialAction":[{"@type":"ReadAction","target":["https:\/\/visitbinissalem.com\/cultura-2\/"]}]},{"@type":"ImageObject","inLanguage":"de","@id":"https:\/\/visitbinissalem.com\/cultura-2\/#primaryimage","url":"https:\/\/visitbinissalem.com\/wp-content\/uploads\/2024\/08\/LOGO-AJT-1-e1724766625809-1-e1724825744271.png","contentUrl":"https:\/\/visitbinissalem.com\/wp-content\/uploads\/2024\/08\/LOGO-AJT-1-e1724766625809-1-e1724825744271.png"},{"@type":"BreadcrumbList","@id":"https:\/\/visitbinissalem.com\/cultura-2\/#breadcrumb","itemListElement":[{"@type":"ListItem","position":1,"name":"Inici","item":"https:\/\/visitbinissalem.com\/de\/"},{"@type":"ListItem","position":2,"name":"Kultur"}]},{"@type":"WebSite","@id":"https:\/\/visitbinissalem.com\/en\/#website","url":"https:\/\/visitbinissalem.com\/en\/","name":"Visit Binissalem","description":"Binissalem","publisher":{"@id":"https:\/\/visitbinissalem.com\/en\/#organization"},"potentialAction":[{"@type":"SearchAction","target":{"@type":"EntryPoint","urlTemplate":"https:\/\/visitbinissalem.com\/en\/?s={search_term_string}"},"query-input":{"@type":"PropertyValueSpecification","valueRequired":true,"valueName":"search_term_string"}}],"inLanguage":"de"},{"@type":"Organization","@id":"https:\/\/visitbinissalem.com\/en\/#organization","name":"Visit Binissalem","url":"https:\/\/visitbinissalem.com\/en\/","logo":{"@type":"ImageObject","inLanguage":"de","@id":"https:\/\/visitbinissalem.com\/en\/#\/schema\/logo\/image\/","url":"https:\/\/visitbinissalem.com\/wp-content\/uploads\/2024\/08\/Binissalem-Oberts-a-tu.png","contentUrl":"https:\/\/visitbinissalem.com\/wp-content\/uploads\/2024\/08\/Binissalem-Oberts-a-tu.png","width":2565,"height":1240,"caption":"Visit Binissalem"},"image":{"@id":"https:\/\/visitbinissalem.com\/en\/#\/schema\/logo\/image\/"},"sameAs":["https:\/\/www.facebook.com\/AjuntamentdeBinissalem","https:\/\/www.instagram.com\/ajuntamentbinissalem\/"]}]}},"_links":{"self":[{"href":"https:\/\/visitbinissalem.com\/de\/wp-json\/wp\/v2\/pages\/1717","targetHints":{"allow":["GET"]}}],"collection":[{"href":"https:\/\/visitbinissalem.com\/de\/wp-json\/wp\/v2\/pages"}],"about":[{"href":"https:\/\/visitbinissalem.com\/de\/wp-json\/wp\/v2\/types\/page"}],"author":[{"embeddable":true,"href":"https:\/\/visitbinissalem.com\/de\/wp-json\/wp\/v2\/users\/2"}],"replies":[{"embeddable":true,"href":"https:\/\/visitbinissalem.com\/de\/wp-json\/wp\/v2\/comments?post=1717"}],"version-history":[{"count":7,"href":"https:\/\/visitbinissalem.com\/de\/wp-json\/wp\/v2\/pages\/1717\/revisions"}],"predecessor-version":[{"id":3130,"href":"https:\/\/visitbinissalem.com\/de\/wp-json\/wp\/v2\/pages\/1717\/revisions\/3130"}],"wp:attachment":[{"href":"https:\/\/visitbinissalem.com\/de\/wp-json\/wp\/v2\/media?parent=1717"}],"curies":[{"name":"wp","href":"https:\/\/api.w.org\/{rel}","templated":true}]}}